{"id":48,"date":"2016-01-07T15:49:02","date_gmt":"2016-01-07T15:49:02","guid":{"rendered":"http:\/\/palmybulles.fr\/?page_id=48"},"modified":"2026-04-12T23:13:11","modified_gmt":"2026-04-12T21:13:11","slug":"presentation","status":"publish","type":"page","link":"https:\/\/palmybulles.fr\/index.php\/presentation\/","title":{"rendered":"Pr\u00e9sentation"},"content":{"rendered":"\n<div class=\"wp-block-columns is-layout-flex wp-container-core-columns-is-layout-28f84493 wp-block-columns-is-layout-flex\">\n<div class=\"wp-block-column is-layout-flow wp-block-column-is-layout-flow\" style=\"flex-basis:33.33%\">\n<figure class=\"wp-block-image aligncenter is-resized\"><img loading=\"lazy\" decoding=\"async\" width=\"300\" height=\"225\" src=\"https:\/\/palmybulles.fr\/wp-content\/uploads\/2016\/01\/presentation-300x225-300x225.jpg\" alt=\"presentation-300x225\" class=\"wp-image-29\" style=\"aspect-ratio:1.3333333333333333;width:328px;height:auto\"\/><\/figure>\n<\/div>\n\n\n\n<div class=\"wp-block-column is-layout-flow wp-block-column-is-layout-flow\" style=\"flex-basis:66.66%\">\n<p><strong>Palmybulles plong\u00e9e sous-marine&nbsp;<\/strong>est un club de plong\u00e9e&nbsp;associatif \u00ab\u00a0loi 1901\u00a0\u00bb affili\u00e9 \u00e0 la <strong>F<\/strong>\u00e9d\u00e9ration <strong>F<\/strong>ran\u00e7aise d&rsquo;<strong>E<\/strong>tudes et de <strong>S<\/strong>ports <strong>S<\/strong>ous-<strong>M<\/strong>arins.<\/p>\n\n\n\n<p>L\u2019association a son si\u00e8ge social \u00e0 Seyssinet-Pariset et a d\u00e9but\u00e9 son activit\u00e9 en novembre 2008.<\/p>\n\n\n\n<p>Palmybulles est un <strong>club de plong\u00e9e<\/strong> <strong>enfants<\/strong> qui initie, forme et accompagne les jeunes, <strong>filles et gar\u00e7ons<\/strong>, \u00e0 la pratique de la plong\u00e9e avec scaphandre (Gilet stabilisateur &#8211; Bouteille &#8211; D\u00e9tendeur), <strong>d\u00e8s l\u2019\u00e2ge de 8 ans<\/strong>.<\/p>\n<\/div>\n<\/div>\n\n\n\n<p>Palmybulles a pour objectif de permettre \u00e0 des <strong>enfants<\/strong> et des <strong>jeunes<\/strong> de tous milieux de d\u00e9couvrir, apprendre et pratiquer la plong\u00e9e sous-marine, conna\u00eetre le monde subaquatique, ainsi que de participer, de mani\u00e8re connexe, \u00e0 toutes les activit\u00e9s propos\u00e9es au sein de la FFESSM.<br>L\u2019objectif fondamental est de permettre \u00e0 chacun de se d\u00e9velopper, d\u2019acqu\u00e9rir confiance en soi et en l\u2019autre, de progresser dans des savoir-faire et le savoir-\u00eatre, avec un esprit d&rsquo;ouverture, de respect des autres et de la nature.<\/p>\n\n\n\n<p>Les entrainements \u00e0 la piscine de Seyssinet sont compl\u00e9t\u00e9s par des sorties en fosses et en milieu naturel (mer, lac). Les jeunes sont encourag\u00e9s \u00e0 pr\u00e9parer, \u00e0 leur rythme, les niveaux de plong\u00e9e (Bronze, Argent, Or, N1, N2&#8230;)<\/p>\n\n\n\n<p>Le club est structur\u00e9 autour d&rsquo;une \u00e9quipe d&rsquo;initiateurs passionn\u00e9s et de nombreux b\u00e9n\u00e9voles dont la motivation est de transmettre le plaisir de plonger aux plus jeunes et les accompagner dans leur progression.<\/p>\n\n\n\n<p>La pratique de la plong\u00e9e peut s\u2019\u00e9tendre \u00e9galement aux adultes qui adh\u00e8rent et veulent prendre une part active dans la vie du club (encadrement, gestion du club, responsabilit\u00e9s, promotion, etc&#8230;).<\/p>\n\n\n\n<p>Un projet associatif (2024-2028) d\u00e9finit les orientations du club, les valeurs \u00e9ducatives, sportives et culturelles qu&rsquo;il entend d\u00e9fendre, les axes de d\u00e9veloppement et les moyens mis en oeuvre pour y parvenir. Le club est soutenu dans ses actions tout au long de l&rsquo;ann\u00e9e par la FFESSM, le Codep38, la FDVA, l&rsquo;ANS, le d\u00e9partement (Tattoo Is\u00e8re), la r\u00e9gion (Pass&rsquo;R\u00e9gion), l&rsquo;Etat (Pass&rsquo;Sport) et la mairie de Seyssinet par la mise \u00e0 disposition des \u00e9quipements municipaux.<\/p>\n\n\n\n<p>N\u00b0 affiliation FFESSM : 14380419<br>N\u00b0 agr\u00e9ment Jeunesse et Sport : 38 10 004<br>N\u00b0 RNA : W381006871<\/p>\n\n\n\n<p><\/p>\n\n\n\n<p><\/p>\n\n\n\n<p><\/p>\n\n\n\n<p><\/p>\n\n\n\n<p><\/p>\n\n\n\n<p><\/p>\n\n\n\n<p><\/p>\n\n\n\n<p><\/p>\n\n\n\n<p><\/p>\n\n\n\n<p><\/p>\n","protected":false},"excerpt":{"rendered":"<p>Palmybulles plong\u00e9e sous-marine&nbsp;est un club de plong\u00e9e&nbsp;associatif \u00ab\u00a0loi 1901\u00a0\u00bb affili\u00e9 \u00e0 la F\u00e9d\u00e9ration Fran\u00e7aise d&rsquo;Etudes et de Sports Sous-Marins. L\u2019association a son si\u00e8ge social \u00e0 Seyssinet-Pariset et a d\u00e9but\u00e9 son activit\u00e9 en novembre 2008. Palmybulles est un club de plong\u00e9e enfants qui initie, forme et accompagne les jeunes, filles et gar\u00e7ons, \u00e0 la pratique de [&hellip;]<\/p>\n","protected":false},"author":1,"featured_media":0,"parent":0,"menu_order":0,"comment_status":"closed","ping_status":"closed","template":"","meta":{"footnotes":""},"class_list":["post-48","page","type-page","status-publish","hentry"],"_links":{"self":[{"href":"https:\/\/palmybulles.fr\/index.php\/wp-json\/wp\/v2\/pages\/48","targetHints":{"allow":["GET"]}}],"collection":[{"href":"https:\/\/palmybulles.fr\/index.php\/wp-json\/wp\/v2\/pages"}],"about":[{"href":"https:\/\/palmybulles.fr\/index.php\/wp-json\/wp\/v2\/types\/page"}],"author":[{"embeddable":true,"href":"https:\/\/palmybulles.fr\/index.php\/wp-json\/wp\/v2\/users\/1"}],"replies":[{"embeddable":true,"href":"https:\/\/palmybulles.fr\/index.php\/wp-json\/wp\/v2\/comments?post=48"}],"version-history":[{"count":50,"href":"https:\/\/palmybulles.fr\/index.php\/wp-json\/wp\/v2\/pages\/48\/revisions"}],"predecessor-version":[{"id":2882,"href":"https:\/\/palmybulles.fr\/index.php\/wp-json\/wp\/v2\/pages\/48\/revisions\/2882"}],"wp:attachment":[{"href":"https:\/\/palmybulles.fr\/index.php\/wp-json\/wp\/v2\/media?parent=48"}],"curies":[{"name":"wp","href":"https:\/\/api.w.org\/{rel}","templated":true}]}}