{"id":2898,"date":"2026-04-23T21:17:10","date_gmt":"2026-04-23T19:17:10","guid":{"rendered":"https:\/\/palmybulles.fr\/?page_id=2898"},"modified":"2026-04-23T21:34:57","modified_gmt":"2026-04-23T19:34:57","slug":"groupe-loisirs","status":"publish","type":"page","link":"https:\/\/palmybulles.fr\/index.php\/groupe-loisirs\/","title":{"rendered":"Groupe Loisirs"},"content":{"rendered":"\n<div class=\"wp-block-columns is-layout-flex wp-container-core-columns-is-layout-28f84493 wp-block-columns-is-layout-flex\">\n<div class=\"wp-block-column is-layout-flow wp-block-column-is-layout-flow\">\n<p>Palmybulles a r\u00e9cemment cr\u00e9\u00e9 un groupe\u00a0\u00ab\u00a0Loisirs plong\u00e9e\u00a0\u00bb, \u00e0 c\u00f4t\u00e9 des groupes \u00ab\u00a0Formation plong\u00e9e\u00a0\u00bb. Nous proposons aux plongeurs, ayant obtenu le niveau N1 ou N2 mais trop jeunes pour pr\u00e9parer le niveau suivant ou souhaitant se donner du temps avant d\u2019entamer une nouvelle formation, de continuer \u00e0 pratiquer. Les jeunes appr\u00e9cient de venir juste pour se retrouver et pour le plaisir de plonger \u00e0 la piscine.<\/p>\n\n\n\n<p>Les s\u00e9ances sont orient\u00e9es vers l\u2019aisance aquatique, le renforcement des comp\u00e9tences, avec des exercices essentiellement sous forme ludique. Nous faisons \u00e9galement d\u00e9couvrir aux jeunes les autres activit\u00e9s subaquatiques de la f\u00e9d\u00e9ration, telles que l\u2019apn\u00e9e, la nage avec palmes, les \u00e9preuves de la Plong\u00e9e Sportive en Piscine\u2026<\/p>\n<\/div>\n\n\n\n<div class=\"wp-block-column is-layout-flow wp-block-column-is-layout-flow\">\n<figure class=\"wp-block-image aligncenter size-large is-resized\"><img loading=\"lazy\" decoding=\"async\" width=\"769\" height=\"1024\" src=\"https:\/\/palmybulles.fr\/wp-content\/uploads\/2026\/04\/Groupe-Loisirs01-769x1024.jpg\" alt=\"\" class=\"wp-image-2900\" style=\"width:529px;height:auto\" srcset=\"https:\/\/palmybulles.fr\/wp-content\/uploads\/2026\/04\/Groupe-Loisirs01-769x1024.jpg 769w, https:\/\/palmybulles.fr\/wp-content\/uploads\/2026\/04\/Groupe-Loisirs01-225x300.jpg 225w, https:\/\/palmybulles.fr\/wp-content\/uploads\/2026\/04\/Groupe-Loisirs01-768x1023.jpg 768w, https:\/\/palmybulles.fr\/wp-content\/uploads\/2026\/04\/Groupe-Loisirs01.jpg 1024w\" sizes=\"auto, (max-width: 769px) 100vw, 769px\" \/><\/figure>\n<\/div>\n<\/div>\n\n\n\n<p><\/p>\n","protected":false},"excerpt":{"rendered":"<p>Palmybulles a r\u00e9cemment cr\u00e9\u00e9 un groupe\u00a0\u00ab\u00a0Loisirs plong\u00e9e\u00a0\u00bb, \u00e0 c\u00f4t\u00e9 des groupes \u00ab\u00a0Formation plong\u00e9e\u00a0\u00bb. Nous proposons aux plongeurs, ayant obtenu le niveau N1 ou N2 mais trop jeunes pour pr\u00e9parer le niveau suivant ou souhaitant se donner du temps avant d\u2019entamer une nouvelle formation, de continuer \u00e0 pratiquer. Les jeunes appr\u00e9cient de venir juste pour se [&hellip;]<\/p>\n","protected":false},"author":1,"featured_media":0,"parent":0,"menu_order":0,"comment_status":"closed","ping_status":"closed","template":"","meta":{"footnotes":""},"class_list":["post-2898","page","type-page","status-publish","hentry"],"_links":{"self":[{"href":"https:\/\/palmybulles.fr\/index.php\/wp-json\/wp\/v2\/pages\/2898","targetHints":{"allow":["GET"]}}],"collection":[{"href":"https:\/\/palmybulles.fr\/index.php\/wp-json\/wp\/v2\/pages"}],"about":[{"href":"https:\/\/palmybulles.fr\/index.php\/wp-json\/wp\/v2\/types\/page"}],"author":[{"embeddable":true,"href":"https:\/\/palmybulles.fr\/index.php\/wp-json\/wp\/v2\/users\/1"}],"replies":[{"embeddable":true,"href":"https:\/\/palmybulles.fr\/index.php\/wp-json\/wp\/v2\/comments?post=2898"}],"version-history":[{"count":7,"href":"https:\/\/palmybulles.fr\/index.php\/wp-json\/wp\/v2\/pages\/2898\/revisions"}],"predecessor-version":[{"id":2909,"href":"https:\/\/palmybulles.fr\/index.php\/wp-json\/wp\/v2\/pages\/2898\/revisions\/2909"}],"wp:attachment":[{"href":"https:\/\/palmybulles.fr\/index.php\/wp-json\/wp\/v2\/media?parent=2898"}],"curies":[{"name":"wp","href":"https:\/\/api.w.org\/{rel}","templated":true}]}}