{"id":2572,"date":"2025-08-12T21:46:31","date_gmt":"2025-08-12T19:46:31","guid":{"rendered":"https:\/\/palmybulles.fr\/?page_id=2572"},"modified":"2026-01-10T16:13:59","modified_gmt":"2026-01-10T14:13:59","slug":"inscription-palmybulles","status":"publish","type":"page","link":"https:\/\/palmybulles.fr\/index.php\/inscription-palmybulles\/","title":{"rendered":"Inscription"},"content":{"rendered":"\n<h2 class=\"wp-block-heading has-x-large-font-size\">Modalit\u00e9s d&rsquo;inscription&nbsp;2025\/2026<\/h2>\n\n\n\n<p class=\"has-medium-font-size\"><strong>Les inscriptions Jeune plongeur ouvrent \u00e0 partir de septembre.<\/strong><br>Nous vous donnons rendez-vous \u00e0 la rentr\u00e9e pour les formations et activit\u00e9s de la nouvelle saison 2025\/2026.<br>Vous pouvez nous&nbsp;<a href=\"https:\/\/palmybulles.fr\/index.php\/contact\/\" target=\"_blank\" rel=\"noreferrer noopener\">laisser vos coordonn\u00e9es<\/a> si vous avez des questions.<\/p>\n\n\n\n<p class=\"has-medium-font-size\">Nous participons chaque ann\u00e9e au forum des associations le 1er samedi de septembre :<br>&#8211; \u00e0 Seyssinet (Gymnase Nomin\u00e9) de 14h \u00e0 17h.<br>&#8211; \u00e0 Seyssins (Le prisme) de 13h \u00e0 17h.<br>Des membres des clubs Palmybulles, plongeurs et parents, seront sur place pour vous renseigner sur le fonctionnement de notre association et r\u00e9pondre \u00e0 vos questions. Vous aurez la possibilit\u00e9 d&rsquo;inscrire les futurs jeunes plongeurs \u00e0 une s\u00e9ance de d\u00e9couverte de l&rsquo;activit\u00e9 qui aura lieu mi-septembre, un mercredi \u00e0 18h30, \u00e0 la piscine de Seyssinet autour d&rsquo;un bapt\u00eame de plong\u00e9e.<\/p>\n\n\n\n<p class=\"has-vivid-red-color has-text-color has-medium-font-size\"><em><strong>Age minimum pour plonger : 8 ans<\/strong><\/em><\/p>\n\n\n\n<p>Les inscriptions se font enti\u00e8rement en ligne sur le site HelloAsso Palmybulles \u00e0 partir d&rsquo;un lien envoy\u00e9 par le club. Il est demand\u00e9 de fournir :<\/p>\n\n\n\n<h3 class=\"wp-block-heading has-large-font-size\"><strong>1. Fiche d&rsquo;information :<\/strong><\/h3>\n\n\n\n<ul class=\"wp-block-list\">\n<li>Coordonn\u00e9es du jeune plongeur et de sa famille<\/li>\n\n\n\n<li>Num\u00e9ro de licence si le plongeur a d\u00e9j\u00e0 \u00e9t\u00e9 licenci\u00e9 aupr\u00e8s de la FFESSM<\/li>\n\n\n\n<li>Copie du dernier niveau obtenu le cas \u00e9ch\u00e9ant <\/li>\n<\/ul>\n\n\n\n<h3 class=\"wp-block-heading has-large-font-size\"><strong>2. Cotisation au club&nbsp;:<\/strong><\/h3>\n\n\n\n<ul class=\"wp-block-list\">\n<li><strong>Formation Jeune plongeur (moins de 12 ans)&nbsp;: <\/strong>110 euros &#8211; Formation piscine, Sorties fosses, Pr\u00eat mat\u00e9riel, Licence FFESSM (14 \u20ac) incluse<\/li>\n\n\n\n<li><strong>Formation Jeune plongeur (\u00e0 partir de 12 ans)&nbsp;: <\/strong>150 euros &#8211; Formation piscine, Sorties fosses, Pr\u00eat mat\u00e9riel, Licence FFESSM (30,50 \u20ac) incluse<\/li>\n\n\n\n<li><strong>Loisirs &#8211; Sorties Jeune plongeur (Niveau 1 mini requis) : <\/strong>90 euros &#8211; Loisirs (plong\u00e9e bouteille en palanqu\u00e9e, nage PMT, apn\u00e9e&#8230;), Sorties fosses + inscription possible aux sorties mer\/lac, Pr\u00eat mat\u00e9riel, Licence FFESSM (30,50 \u20ac) incluse<\/li>\n<\/ul>\n\n\n\n<ul class=\"wp-block-list\">\n<li>La cotisation est r\u00e9duite de 20 \u20ac par membre \u00e0 partir du troisi\u00e8me membre d&rsquo;un m\u00eame foyer fiscal.<\/li>\n\n\n\n<li>Le paiement s&rsquo;effectue en ligne sur le site HelloAsso.<\/li>\n\n\n\n<li>Le co\u00fbt des sorties en milieu naturel (lac, mer) n&rsquo;est pas compris dans l&rsquo;adh\u00e9sion au club.<\/li>\n<\/ul>\n\n\n\n<p>Nous sommes partenaire des dispositifs Tattoo Is\u00e8re, Pass&rsquo;R\u00e9gion et Pass&rsquo;Sport versant une aide \u00e0 la pratique d&rsquo;une activit\u00e9 sportive. Le montant de ces avantages sera rembours\u00e9 par virement apr\u00e8s enregistrement aupr\u00e8s des organismes.<\/p>\n\n\n\n<ul class=\"wp-block-list\">\n<li>Carte Tattoo (Coll\u00e9giens)&nbsp;<a href=\"https:\/\/www.isere.fr\/carte-tattoo\" target=\"_blank\" rel=\"noreferrer noopener\">www.isere.fr\/carte-tattoo<\/a><\/li>\n\n\n\n<li>Carte Pass&rsquo;R\u00e9gion (Lyc\u00e9ens)&nbsp;<a href=\"https:\/\/www.auvergnerhonealpes.fr\/passregion\" target=\"_blank\" rel=\"noreferrer noopener\">www.auvergnerhonealpes.fr\/passregion<\/a><\/li>\n\n\n\n<li>Code Pass&rsquo;Sport (Etat)&nbsp;<a href=\"https:\/\/www.pass.sports.gouv.fr\/\" target=\"_blank\" rel=\"noreferrer noopener\">www.pass.sports.gouv.fr\/<\/a><\/li>\n<\/ul>\n\n\n\n<p>Tous les licenci\u00e9s de la FFESSM b\u00e9n\u00e9ficient du contrat d\u2019assurance en responsabilit\u00e9 civile et en assistance juridique contract\u00e9 par la FFESSM, valable dans le monde entier quel que soit le lieu de pratique. Cependant, des assurances compl\u00e9mentaires <strong>facultatives<\/strong> peuvent \u00eatre souscrites :<\/p>\n\n\n\n<ul class=\"wp-block-list\">\n<li>Loisir 1 : 24,20 \u20ac &#8211; Loisir 2 : 28,85 \u20ac &#8211; Loisir 3 : 49,45 \u20ac<\/li>\n\n\n\n<li>Loisir 1 Top : 46,35 \u20ac &#8211; Loisir 2 Top : 57,70 \u20ac &#8211; Loisir 3 Top : 95,80 \u20ac<\/li>\n\n\n\n<li>Voir&nbsp;<a href=\"https:\/\/www.assurdiving.com\/courtier-assurances\/offre-clubs-comite-ligues.html?offre=79b0106c-6d4a-41b1-9fb4-465fc9195365\" target=\"_blank\" rel=\"noreferrer noopener\">les garanties du contrat f\u00e9d\u00e9ral entre la FFESSM et les assurances LAFONT<\/a><\/li>\n<\/ul>\n\n\n\n<p>L&rsquo;abonnement <strong>facultatif <\/strong>\u00e0 la revue f\u00e9d\u00e9rale <a href=\"https:\/\/subaqua.ffessm.fr\/\" target=\"_blank\" rel=\"noreferrer noopener\">SUBAQUA <\/a>est \u00e9galement possible :<\/p>\n\n\n\n<ul class=\"wp-block-list\">\n<li>6 num\u00e9ros (1 an) : 35 \u20ac \u2013 12 num\u00e9ros (2 ans) : 65 \u20ac (tarif licenci\u00e9 FFESSM)<\/li>\n<\/ul>\n\n\n\n<p>Pour ces souscriptions <strong>facultatives<\/strong>, nous vous invitons \u00e0 vous rapprocher du bureau Palmybulles.<\/p>\n\n\n\n<h3 class=\"wp-block-heading has-large-font-size\"><strong>3. Certificat m\u00e9dical d&rsquo;Absence de Contre-Indication (CACI) \u00e0 la pratique de la plong\u00e9e sous-marine&nbsp;(<em>obligatoire<\/em><\/strong>)<strong>&nbsp;:<\/strong><\/h3>\n\n\n\n<ul class=\"wp-block-list\">\n<li>Il doit \u00eatre dat\u00e9 de moins d&rsquo;un an pour pratiquer la plong\u00e9e sous-marine.<\/li>\n\n\n\n<li>Un&nbsp;<a href=\"https:\/\/ffessm.fr\/pratiquer\/le-certificat-medical\" target=\"_blank\" rel=\"noreferrer noopener\">mod\u00e8le de certificat<\/a>&nbsp;est propos\u00e9 par la f\u00e9d\u00e9ration FFESSM.<\/li>\n\n\n\n<li>Ce certificat peut \u00eatre d\u00e9livr\u00e9 par un m\u00e9decin g\u00e9n\u00e9raliste, un&nbsp;<a rel=\"noreferrer noopener\" href=\"https:\/\/medicale.ffessmaura.fr\/w\/medecins-federaux-aura\" target=\"_blank\">m\u00e9decin f\u00e9d\u00e9ral<\/a>&nbsp;ou un m\u00e9decin&nbsp;sp\u00e9cialis\u00e9.<\/li>\n\n\n\n<li>Vous pouvez le d\u00e9poser en ligne sur le site HelloAsso.<\/li>\n<\/ul>\n\n\n\n<h3 class=\"wp-block-heading has-large-font-size\"><strong>4. Autorisation du responsable l\u00e9gal du mineur&nbsp;(<em>obligatoire<\/em>)&nbsp;:<\/strong><\/h3>\n\n\n\n<p>Il est demand\u00e9 express\u00e9ment lors de l&rsquo;inscription, l&rsquo;autorisation du responsable l\u00e9gal du mineur \u00e0 la pratique list\u00e9e de plusieurs activit\u00e9s du club.<\/p>\n\n\n\n<h3 class=\"wp-block-heading has-large-font-size\"><strong>5. Charte des Jeunes Plongeurs Palmybulles<\/strong> <strong>:<\/strong><\/h3>\n\n\n\n<p>Il est n\u00e9cessaire de lire et accepter la <a href=\"https:\/\/palmybulles.fr\/wp-content\/uploads\/2023\/11\/Charte-des-Jeunes-Plongeurs-PB.pdf\" data-type=\"attachment\" data-id=\"1817\" target=\"_blank\" rel=\"noreferrer noopener\">Charte des Jeunes Plongeurs<\/a> \u00e9tablie par le club.<\/p>\n","protected":false},"excerpt":{"rendered":"<p>Modalit\u00e9s d&rsquo;inscription&nbsp;2025\/2026 Les inscriptions Jeune plongeur ouvrent \u00e0 partir de septembre.Nous vous donnons rendez-vous \u00e0 la rentr\u00e9e pour les formations et activit\u00e9s de la nouvelle saison 2025\/2026.Vous pouvez nous&nbsp;laisser vos coordonn\u00e9es si vous avez des questions. Nous participons chaque ann\u00e9e au forum des associations le 1er samedi de septembre :&#8211; \u00e0 Seyssinet (Gymnase Nomin\u00e9) de [&hellip;]<\/p>\n","protected":false},"author":1,"featured_media":0,"parent":0,"menu_order":0,"comment_status":"closed","ping_status":"closed","template":"","meta":{"footnotes":""},"class_list":["post-2572","page","type-page","status-publish","hentry"],"_links":{"self":[{"href":"https:\/\/palmybulles.fr\/index.php\/wp-json\/wp\/v2\/pages\/2572","targetHints":{"allow":["GET"]}}],"collection":[{"href":"https:\/\/palmybulles.fr\/index.php\/wp-json\/wp\/v2\/pages"}],"about":[{"href":"https:\/\/palmybulles.fr\/index.php\/wp-json\/wp\/v2\/types\/page"}],"author":[{"embeddable":true,"href":"https:\/\/palmybulles.fr\/index.php\/wp-json\/wp\/v2\/users\/1"}],"replies":[{"embeddable":true,"href":"https:\/\/palmybulles.fr\/index.php\/wp-json\/wp\/v2\/comments?post=2572"}],"version-history":[{"count":12,"href":"https:\/\/palmybulles.fr\/index.php\/wp-json\/wp\/v2\/pages\/2572\/revisions"}],"predecessor-version":[{"id":2762,"href":"https:\/\/palmybulles.fr\/index.php\/wp-json\/wp\/v2\/pages\/2572\/revisions\/2762"}],"wp:attachment":[{"href":"https:\/\/palmybulles.fr\/index.php\/wp-json\/wp\/v2\/media?parent=2572"}],"curies":[{"name":"wp","href":"https:\/\/api.w.org\/{rel}","templated":true}]}}