{"id":1849,"date":"2023-11-02T23:06:46","date_gmt":"2023-11-02T21:06:46","guid":{"rendered":"https:\/\/palmybulles.fr\/?page_id=1849"},"modified":"2026-04-12T22:15:00","modified_gmt":"2026-04-12T20:15:00","slug":"plongeur-niveau-2","status":"publish","type":"page","link":"https:\/\/palmybulles.fr\/index.php\/plongeur-niveau-2\/","title":{"rendered":"Plongeur Niveau 2"},"content":{"rendered":"\n<div class=\"wp-block-columns is-layout-flex wp-container-core-columns-is-layout-28f84493 wp-block-columns-is-layout-flex\">\n<div class=\"wp-block-column is-layout-flow wp-block-column-is-layout-flow\">\n<figure class=\"wp-block-image size-full\"><img loading=\"lazy\" decoding=\"async\" width=\"600\" height=\"424\" src=\"https:\/\/palmybulles.fr\/wp-content\/uploads\/2023\/11\/NIVEAU-2.jpeg\" alt=\"\" class=\"wp-image-1875\" srcset=\"https:\/\/palmybulles.fr\/wp-content\/uploads\/2023\/11\/NIVEAU-2.jpeg 600w, https:\/\/palmybulles.fr\/wp-content\/uploads\/2023\/11\/NIVEAU-2-300x212.jpeg 300w\" sizes=\"auto, (max-width: 600px) 100vw, 600px\" \/><\/figure>\n<\/div>\n\n\n\n<div class=\"wp-block-column is-layout-flow wp-block-column-is-layout-flow\">\n<p><br>Le cursus \u00ab Ados \u00bb Niveau 2 est accessible \u00e0 partir de 15 ans. Il est n\u00e9cessaire d&rsquo;avoir obtenu pr\u00e9alablement le brevet de plongeur Niveau 1 et de justifier de 4 plong\u00e9es <u>minimum<\/u> en milieu naturel apr\u00e8s l&rsquo;obtention du Niveau 1.<\/p>\n\n\n\n<p>Les comp\u00e9tences attendues sont identiques \u00e0 celles du cursus adulte Niveau 2 avec quelques am\u00e9nagements dans la progression.<\/p>\n<\/div>\n<\/div>\n\n\n\n<p>Le plongeur Niveau 2 poss\u00e8de les comp\u00e9tences d&rsquo;\u00e9voluer de mani\u00e8re autonome jusqu&rsquo;\u00e0 20 m de profondeur dans une palanqu\u00e9e de plongeurs niveau 2 minimum. Il sait planifier la plong\u00e9e, \u00eatre attentif \u00e0 ses \u00e9quipiers, intervenir et porter assistance \u00e0 un plongeur en difficult\u00e9. Cette aptitude est aussi appel\u00e9e <strong>PA20<\/strong> pour \u00ab<strong>Plongeur Autonome \u00e0 20 m<\/strong>\u00bb<\/p>\n\n\n\n<p>Il est \u00e9galement capable de r\u00e9aliser des plong\u00e9es d\u2019exploration jusqu\u2019\u00e0 40 m de profondeur au sein d\u2019une palanqu\u00e9e avec un guide de palanqu\u00e9e qui prend en charge la conduite de la plong\u00e9e.&nbsp;Il peut intervenir en relais sur un \u00e9quipier en difficult\u00e9. Cette aptitude est \u00e9galement appel\u00e9e <strong>PE40<\/strong> pour \u00ab<strong>Plongeur Encadr\u00e9 \u00e0 40 m<\/strong>\u00bb<\/p>\n\n\n\n<p>Il est possible de passer uniquement ou ind\u00e9pendamment les aptitudes PA20 ou PE40. Les 2 aptitudes sont n\u00e9cessaires pour obtenir le Niveau 2. Les jeunes plongeurs ne peuvent toutefois \u00e9voluer en autonomie qu\u2019\u00e0 partir de 16 ans.<\/p>\n\n\n\n<p>Pour la plong\u00e9e en autonomie, le plongeur devra s&rsquo;\u00e9quiper de mat\u00e9riel compl\u00e9mentaire :<\/p>\n\n\n\n<ul class=\"wp-block-list\">\n<li>Ordinateur de plong\u00e9e afin de g\u00e9rer ses param\u00e8tres de plong\u00e9e (temps, profondeur) et de d\u00e9compression (paliers),<\/li>\n\n\n\n<li>Parachute pour se signaler en cas de remont\u00e9e en pleine eau.<\/li>\n<\/ul>\n\n\n\n<p>La formation se base sur des entrainements, quelques cours et des \u00e9valuations pratiques et th\u00e9oriques, en fosse et en milieu naturel.<\/p>\n\n\n\n<p>A partir de 18 ans, le plongeur Niveau 2 peut poursuivre l&rsquo;acquisition de comp\u00e9tences en s&rsquo;orientant vers la formation Niveau 3, mais aussi vers des niveaux d&rsquo;encadrement en devenant initiateur E1. Palmybulles est en mesure de proposer ces formations en fonction des demandes de nos jeunes plongeurs, lorsqu&rsquo;ils atteignent la majorit\u00e9.<\/p>\n\n\n\n<p><\/p>\n","protected":false},"excerpt":{"rendered":"<p>Le cursus \u00ab Ados \u00bb Niveau 2 est accessible \u00e0 partir de 15 ans. Il est n\u00e9cessaire d&rsquo;avoir obtenu pr\u00e9alablement le brevet de plongeur Niveau 1 et de justifier de 4 plong\u00e9es minimum en milieu naturel apr\u00e8s l&rsquo;obtention du Niveau 1. Les comp\u00e9tences attendues sont identiques \u00e0 celles du cursus adulte Niveau 2 avec quelques [&hellip;]<\/p>\n","protected":false},"author":1,"featured_media":0,"parent":0,"menu_order":0,"comment_status":"closed","ping_status":"closed","template":"","meta":{"footnotes":""},"class_list":["post-1849","page","type-page","status-publish","hentry"],"_links":{"self":[{"href":"https:\/\/palmybulles.fr\/index.php\/wp-json\/wp\/v2\/pages\/1849","targetHints":{"allow":["GET"]}}],"collection":[{"href":"https:\/\/palmybulles.fr\/index.php\/wp-json\/wp\/v2\/pages"}],"about":[{"href":"https:\/\/palmybulles.fr\/index.php\/wp-json\/wp\/v2\/types\/page"}],"author":[{"embeddable":true,"href":"https:\/\/palmybulles.fr\/index.php\/wp-json\/wp\/v2\/users\/1"}],"replies":[{"embeddable":true,"href":"https:\/\/palmybulles.fr\/index.php\/wp-json\/wp\/v2\/comments?post=1849"}],"version-history":[{"count":28,"href":"https:\/\/palmybulles.fr\/index.php\/wp-json\/wp\/v2\/pages\/1849\/revisions"}],"predecessor-version":[{"id":2854,"href":"https:\/\/palmybulles.fr\/index.php\/wp-json\/wp\/v2\/pages\/1849\/revisions\/2854"}],"wp:attachment":[{"href":"https:\/\/palmybulles.fr\/index.php\/wp-json\/wp\/v2\/media?parent=1849"}],"curies":[{"name":"wp","href":"https:\/\/api.w.org\/{rel}","templated":true}]}}