{"id":1776,"date":"2023-10-30T23:58:53","date_gmt":"2023-10-30T21:58:53","guid":{"rendered":"https:\/\/palmybulles.fr\/?page_id=1776"},"modified":"2025-10-31T23:46:15","modified_gmt":"2025-10-31T21:46:15","slug":"plongeur-bronze-argent-or","status":"publish","type":"page","link":"https:\/\/palmybulles.fr\/index.php\/plongeur-bronze-argent-or\/","title":{"rendered":"Plongeur Bronze \/ Argent \/ Or"},"content":{"rendered":"\n<div class=\"wp-block-columns is-layout-flex wp-container-core-columns-is-layout-28f84493 wp-block-columns-is-layout-flex\">\n<div class=\"wp-block-column is-layout-flow wp-block-column-is-layout-flow\" style=\"flex-basis:25%\">\n<figure class=\"wp-block-image size-full\"><img loading=\"lazy\" decoding=\"async\" width=\"400\" height=\"552\" src=\"https:\/\/palmybulles.fr\/wp-content\/uploads\/2023\/11\/Carnet-plongee-FFESSM.jpg\" alt=\"\" class=\"wp-image-1901\" srcset=\"https:\/\/palmybulles.fr\/wp-content\/uploads\/2023\/11\/Carnet-plongee-FFESSM.jpg 400w, https:\/\/palmybulles.fr\/wp-content\/uploads\/2023\/11\/Carnet-plongee-FFESSM-217x300.jpg 217w\" sizes=\"auto, (max-width: 400px) 100vw, 400px\" \/><\/figure>\n<\/div>\n\n\n\n<div class=\"wp-block-column is-layout-flow wp-block-column-is-layout-flow\" style=\"flex-basis:50%\">\n<p><br><br><br>Le cursus \u00ab Jeunes Plongeurs \u00bb peut se pratiquer <strong>\u00e0 partir de 8 ans <\/strong>et jusqu&rsquo;\u00e0 14 ans maxi.<\/p>\n<\/div>\n<\/div>\n\n\n\n<h2 class=\"wp-block-heading has-large-font-size\"><strong>Description<\/strong><\/h2>\n\n\n\n<p>Les plongeurs peuvent acc\u00e9der \u00e0 3 niveaux de plong\u00e9e&nbsp;:<\/p>\n\n\n\n<ul class=\"wp-block-list\">\n<li><strong>Plongeur de Bronze<\/strong>&nbsp;: profondeur maximale de 6 m\u00e8tres \u00e0 partir de 8 ans .<br>Le plongeur de Bronze est un niveau d&rsquo;initiation \u00e0 la plong\u00e9e en scaphandre. Il d\u00e9couvre le mat\u00e9riel (gilet, bouteille, d\u00e9tendeur) et participe \u00e0 la mise en oeuvre de cet \u00e9quipement. Il \u00e9volue progressivement en apprenant, avec un encadrant, \u00e0 descendre en s\u00e9curit\u00e9 en \u00e9quilibrant les oreilles, \u00e0 se d\u00e9placer au fond et \u00e0 remonter. Il sait respirer avec le le d\u00e9tendeur et vider son masque partiellement rempli d&rsquo;eau. <br>Lors des sorties fosse ou milieu naturel, la palanqu\u00e9e est restreinte \u00e0 un ou deux enfants plongeur de Bronze par encadrant.<br>   <\/li>\n\n\n\n<li><strong>Plongeur d&rsquo;Argent<\/strong>&nbsp;: profondeur maximale de 6 m\u00e8tres \u00e0 partir de 8 ans.<br>Le plongeur d&rsquo;Argent est un niveau de perfectionnement. Il devient progressivement autonome dans la mise en oeuvre et l&rsquo;utilisation de son mat\u00e9riel. Il se familiarise avec diff\u00e9rentes techniques de mise \u00e0 l&rsquo;eau et d&rsquo;immersion. Il perfectionne le palmage et l&rsquo;\u00e9volution sous l&rsquo;eau. Il apprend \u00e0 g\u00e9rer son \u00e9quilibre et sait vider son masque.<br>Il commence \u00e0 int\u00e9grer quelques proc\u00e9dures de s\u00e9curit\u00e9 pour pouvoir rejoindre, lors des sorties, des palanqu\u00e9es mixtes de 3 plongeurs maxi (1 ou 2 enfants + 1 ou 2 ados ou adultes Niveau 1) accompagn\u00e9s d&rsquo;un encadrant.<br>   <\/li>\n\n\n\n<li><strong>Plongeur d&rsquo;Or<\/strong>&nbsp;: profondeur maximale de 12 m\u00e8tres \u00e0 partir de 10 ans et 20 m\u00e8tres&nbsp;\u00e0 partir de 12 ans.<br>Le plongeur d&rsquo;Or apprend \u00e0 r\u00e9aliser des plong\u00e9es d&rsquo;exploration au sein d&rsquo;une palanqu\u00e9e guid\u00e9e, en prenant en charge son \u00e9quipement et son \u00e9volution en s\u00e9curit\u00e9. Les comp\u00e9tences attendues sont tr\u00e8s proches de celles attendues pour un plongeur d\u00e9butant Niveau 1. <br>Lors des sorties, la palanqu\u00e9e est r\u00e9duite \u00e0 3 plongeurs maxi (1 ou 2 enfants + 1 ou 2 ados ou adultes Niveau 1) accompagn\u00e9s d&rsquo;un encadrant.<\/li>\n<\/ul>\n\n\n\n<p>Pour se voir d\u00e9livrer l\u2019un des niveaux du cursus \u00ab Jeunes Plongeurs \u00bb, il n\u2019est pas obligatoire de poss\u00e9der le niveau inf\u00e9rieur.<\/p>\n\n\n\n<p>A partir de 12 ans, les jeunes plongeurs peuvent continuer leur parcours en pr\u00e9parant <a href=\"https:\/\/palmybulles.fr\/index.php\/plongeur-niveau-1\/\" data-type=\"link\" data-id=\"https:\/\/palmybulles.fr\/index.php\/plongeur-niveau-1\/\">le Niveau 1<\/a>.<\/p>\n\n\n\n<h2 class=\"wp-block-heading has-large-font-size\"><strong>Limite de pratique<\/strong><\/h2>\n\n\n\n<p>Le nombre de plong\u00e9e est r\u00e8glement\u00e9 :<\/p>\n\n\n\n<ul class=\"wp-block-list\">\n<li><strong>Jusqu\u2019\u00e0&nbsp;12 ans<\/strong> : une plong\u00e9e maxi par jour.<\/li>\n\n\n\n<li><strong>A partir de 12 ans<\/strong> : deux plong\u00e9es maxi par jour.<\/li>\n<\/ul>\n\n\n\n<p>La temp\u00e9rature de l&rsquo;eau :<\/p>\n\n\n\n<ul class=\"wp-block-list\">\n<li>La pratique de l&rsquo;activit\u00e9 est prohib\u00e9e lorsque la temp\u00e9rature est inf\u00e9rieure \u00e0 12\u00b0C.<\/li>\n\n\n\n<li>Lorsque la temp\u00e9rature de l&rsquo;eau est inf\u00e9rieure \u00e0 23\u00b0C, la dur\u00e9e de la plong\u00e9e ne doit pas exc\u00e9der 25 minutes.<\/li>\n<\/ul>\n\n\n\n<h2 class=\"wp-block-heading has-large-font-size\"><strong>Qualifications compl\u00e9mentaires<\/strong><\/h2>\n\n\n\n<p>Il existe 4 qualifications compl\u00e9mentaires aux brevets \u00ab Jeunes Plongeurs \u00bb :<\/p>\n\n\n\n<ul class=\"wp-block-list\">\n<li>Plong\u00e9e du bord, Bateau 1, Bateau 2 et Aide Moniteur.<\/li>\n\n\n\n<li>Elles sont la reconnaissance de savoir-faire valid\u00e9s par 3 plong\u00e9es en milieu naturel mais ne modifient pas les aptitudes des jeunes plongeurs.<\/li>\n\n\n\n<li>Elles peuvent \u00eatre d\u00e9cern\u00e9es \u00e0 partir du plongeur de Bronze, sauf pour la qualification Aide Moniteur o\u00f9 le plongeur d\u2019Or est requis.<\/li>\n<\/ul>\n","protected":false},"excerpt":{"rendered":"<p>Le cursus \u00ab Jeunes Plongeurs \u00bb peut se pratiquer \u00e0 partir de 8 ans et jusqu&rsquo;\u00e0 14 ans maxi. Description Les plongeurs peuvent acc\u00e9der \u00e0 3 niveaux de plong\u00e9e&nbsp;: Pour se voir d\u00e9livrer l\u2019un des niveaux du cursus \u00ab Jeunes Plongeurs \u00bb, il n\u2019est pas obligatoire de poss\u00e9der le niveau inf\u00e9rieur. A partir de 12 [&hellip;]<\/p>\n","protected":false},"author":1,"featured_media":0,"parent":0,"menu_order":0,"comment_status":"closed","ping_status":"closed","template":"","meta":{"footnotes":""},"class_list":["post-1776","page","type-page","status-publish","hentry"],"_links":{"self":[{"href":"https:\/\/palmybulles.fr\/index.php\/wp-json\/wp\/v2\/pages\/1776","targetHints":{"allow":["GET"]}}],"collection":[{"href":"https:\/\/palmybulles.fr\/index.php\/wp-json\/wp\/v2\/pages"}],"about":[{"href":"https:\/\/palmybulles.fr\/index.php\/wp-json\/wp\/v2\/types\/page"}],"author":[{"embeddable":true,"href":"https:\/\/palmybulles.fr\/index.php\/wp-json\/wp\/v2\/users\/1"}],"replies":[{"embeddable":true,"href":"https:\/\/palmybulles.fr\/index.php\/wp-json\/wp\/v2\/comments?post=1776"}],"version-history":[{"count":37,"href":"https:\/\/palmybulles.fr\/index.php\/wp-json\/wp\/v2\/pages\/1776\/revisions"}],"predecessor-version":[{"id":2705,"href":"https:\/\/palmybulles.fr\/index.php\/wp-json\/wp\/v2\/pages\/1776\/revisions\/2705"}],"wp:attachment":[{"href":"https:\/\/palmybulles.fr\/index.php\/wp-json\/wp\/v2\/media?parent=1776"}],"curies":[{"name":"wp","href":"https:\/\/api.w.org\/{rel}","templated":true}]}}