{"id":1753,"date":"2023-10-30T22:24:56","date_gmt":"2023-10-30T20:24:56","guid":{"rendered":"https:\/\/palmybulles.fr\/?page_id=1753"},"modified":"2026-04-21T22:07:41","modified_gmt":"2026-04-21T20:07:41","slug":"organisation","status":"publish","type":"page","link":"https:\/\/palmybulles.fr\/index.php\/organisation\/","title":{"rendered":"Organisation"},"content":{"rendered":"\n<p>L&rsquo;association est structur\u00e9e autour de 3 p\u00f4les : administratif, formation et mat\u00e9riel.<\/p>\n\n\n\n<figure class=\"wp-block-image size-large is-style-default\"><img loading=\"lazy\" decoding=\"async\" width=\"1024\" height=\"708\" src=\"https:\/\/palmybulles.fr\/wp-content\/uploads\/2026\/04\/Organigramme-PB-2026-04b-1024x708.jpg\" alt=\"\" class=\"wp-image-2894\" style=\"object-fit:cover\" srcset=\"https:\/\/palmybulles.fr\/wp-content\/uploads\/2026\/04\/Organigramme-PB-2026-04b-1024x708.jpg 1024w, https:\/\/palmybulles.fr\/wp-content\/uploads\/2026\/04\/Organigramme-PB-2026-04b-300x207.jpg 300w, https:\/\/palmybulles.fr\/wp-content\/uploads\/2026\/04\/Organigramme-PB-2026-04b-768x531.jpg 768w, https:\/\/palmybulles.fr\/wp-content\/uploads\/2026\/04\/Organigramme-PB-2026-04b-1536x1061.jpg 1536w, https:\/\/palmybulles.fr\/wp-content\/uploads\/2026\/04\/Organigramme-PB-2026-04b.jpg 1602w\" sizes=\"auto, (max-width: 1024px) 100vw, 1024px\" \/><\/figure>\n\n\n\n<p>L&rsquo;association Palmybulles plong\u00e9e sous-marine est constitu\u00e9e d&rsquo;une soixantaine d&rsquo;adh\u00e9rents dont une trentaine de jeunes plongeurs et une \u00e9quipe d&rsquo;adultes b\u00e9n\u00e9voles, pleinement investis pour l&rsquo;accompagnement des jeunes et le fonctionnement du club.<\/p>\n\n\n\n<p>Un Comit\u00e9 Directeur, mixte et repr\u00e9sentatif, se r\u00e9unit r\u00e9guli\u00e8rement pour organiser et structurer les activit\u00e9s de l&rsquo;association.<\/p>\n\n\n\n<p><\/p>\n","protected":false},"excerpt":{"rendered":"<p>L&rsquo;association est structur\u00e9e autour de 3 p\u00f4les : administratif, formation et mat\u00e9riel. L&rsquo;association Palmybulles plong\u00e9e sous-marine est constitu\u00e9e d&rsquo;une soixantaine d&rsquo;adh\u00e9rents dont une trentaine de jeunes plongeurs et une \u00e9quipe d&rsquo;adultes b\u00e9n\u00e9voles, pleinement investis pour l&rsquo;accompagnement des jeunes et le fonctionnement du club. Un Comit\u00e9 Directeur, mixte et repr\u00e9sentatif, se r\u00e9unit r\u00e9guli\u00e8rement pour organiser et [&hellip;]<\/p>\n","protected":false},"author":1,"featured_media":0,"parent":0,"menu_order":0,"comment_status":"closed","ping_status":"closed","template":"","meta":{"footnotes":""},"class_list":["post-1753","page","type-page","status-publish","hentry"],"_links":{"self":[{"href":"https:\/\/palmybulles.fr\/index.php\/wp-json\/wp\/v2\/pages\/1753","targetHints":{"allow":["GET"]}}],"collection":[{"href":"https:\/\/palmybulles.fr\/index.php\/wp-json\/wp\/v2\/pages"}],"about":[{"href":"https:\/\/palmybulles.fr\/index.php\/wp-json\/wp\/v2\/types\/page"}],"author":[{"embeddable":true,"href":"https:\/\/palmybulles.fr\/index.php\/wp-json\/wp\/v2\/users\/1"}],"replies":[{"embeddable":true,"href":"https:\/\/palmybulles.fr\/index.php\/wp-json\/wp\/v2\/comments?post=1753"}],"version-history":[{"count":19,"href":"https:\/\/palmybulles.fr\/index.php\/wp-json\/wp\/v2\/pages\/1753\/revisions"}],"predecessor-version":[{"id":2895,"href":"https:\/\/palmybulles.fr\/index.php\/wp-json\/wp\/v2\/pages\/1753\/revisions\/2895"}],"wp:attachment":[{"href":"https:\/\/palmybulles.fr\/index.php\/wp-json\/wp\/v2\/media?parent=1753"}],"curies":[{"name":"wp","href":"https:\/\/api.w.org\/{rel}","templated":true}]}}