{"id":1699,"date":"2023-10-29T20:43:46","date_gmt":"2023-10-29T18:43:46","guid":{"rendered":"https:\/\/palmybulles.fr\/?page_id=1699"},"modified":"2023-11-03T17:59:43","modified_gmt":"2023-11-03T15:59:43","slug":"boutique-palmybulles","status":"publish","type":"page","link":"https:\/\/palmybulles.fr\/index.php\/boutique-palmybulles\/","title":{"rendered":"Boutique Palmybulles"},"content":{"rendered":"\n<div class=\"wp-block-columns is-layout-flex wp-container-core-columns-is-layout-28f84493 wp-block-columns-is-layout-flex\">\n<div class=\"wp-block-column is-layout-flow wp-block-column-is-layout-flow\" style=\"flex-basis:33.33%\">\n<figure class=\"wp-block-image size-full has-custom-border\"><img loading=\"lazy\" decoding=\"async\" width=\"390\" height=\"413\" src=\"https:\/\/palmybulles.fr\/wp-content\/uploads\/2023\/10\/Logo-Palmybulles-bleute.jpg\" alt=\"\" class=\"wp-image-1701\" style=\"border-style:none;border-width:0px;border-radius:100px\" srcset=\"https:\/\/palmybulles.fr\/wp-content\/uploads\/2023\/10\/Logo-Palmybulles-bleute.jpg 390w, https:\/\/palmybulles.fr\/wp-content\/uploads\/2023\/10\/Logo-Palmybulles-bleute-283x300.jpg 283w\" sizes=\"auto, (max-width: 390px) 100vw, 390px\" \/><\/figure>\n<\/div>\n\n\n\n<div class=\"wp-block-column is-layout-flow wp-block-column-is-layout-flow\" style=\"flex-basis:66.66%\">\n<div style=\"height:63px\" aria-hidden=\"true\" class=\"wp-block-spacer\"><\/div>\n\n\n\n<p>Nous proposons quelques produits \u00e0 l&rsquo;effigie de notre poulpe plongeur Palmybulles :<\/p>\n\n\n\n<ul class=\"wp-block-list\">\n<li>Poncho brod\u00e9<\/li>\n\n\n\n<li>T-shirt enfant et adulte<\/li>\n\n\n\n<li>Pochette carnet de plong\u00e9e<\/li>\n<\/ul>\n<\/div>\n<\/div>\n\n\n\n<p>La commande de ces produits <a href=\"https:\/\/www.helloasso.com\/associations\/palmybulles-plongee-sous-marine\/boutiques\/poncho-brode\" target=\"_blank\" rel=\"noreferrer noopener\">sur notre boutique Palmybulles<\/a> nous soutient dans nos actions et projets.<\/p>\n\n\n\n<p>Vous pouvez r\u00e9cup\u00e9rer vos commandes directement lors des s\u00e9ances plong\u00e9e le mercredi.<\/p>\n","protected":false},"excerpt":{"rendered":"<p>Nous proposons quelques produits \u00e0 l&rsquo;effigie de notre poulpe plongeur Palmybulles : La commande de ces produits sur notre boutique Palmybulles nous soutient dans nos actions et projets. Vous pouvez r\u00e9cup\u00e9rer vos commandes directement lors des s\u00e9ances plong\u00e9e le mercredi.<\/p>\n","protected":false},"author":1,"featured_media":0,"parent":0,"menu_order":0,"comment_status":"closed","ping_status":"closed","template":"","meta":{"footnotes":""},"class_list":["post-1699","page","type-page","status-publish","hentry"],"_links":{"self":[{"href":"https:\/\/palmybulles.fr\/index.php\/wp-json\/wp\/v2\/pages\/1699","targetHints":{"allow":["GET"]}}],"collection":[{"href":"https:\/\/palmybulles.fr\/index.php\/wp-json\/wp\/v2\/pages"}],"about":[{"href":"https:\/\/palmybulles.fr\/index.php\/wp-json\/wp\/v2\/types\/page"}],"author":[{"embeddable":true,"href":"https:\/\/palmybulles.fr\/index.php\/wp-json\/wp\/v2\/users\/1"}],"replies":[{"embeddable":true,"href":"https:\/\/palmybulles.fr\/index.php\/wp-json\/wp\/v2\/comments?post=1699"}],"version-history":[{"count":5,"href":"https:\/\/palmybulles.fr\/index.php\/wp-json\/wp\/v2\/pages\/1699\/revisions"}],"predecessor-version":[{"id":1928,"href":"https:\/\/palmybulles.fr\/index.php\/wp-json\/wp\/v2\/pages\/1699\/revisions\/1928"}],"wp:attachment":[{"href":"https:\/\/palmybulles.fr\/index.php\/wp-json\/wp\/v2\/media?parent=1699"}],"curies":[{"name":"wp","href":"https:\/\/api.w.org\/{rel}","templated":true}]}}