{"id":1539,"date":"2023-10-28T21:23:25","date_gmt":"2023-10-28T19:23:25","guid":{"rendered":"https:\/\/palmybulles.fr\/?page_id=1539"},"modified":"2026-04-12T23:07:33","modified_gmt":"2026-04-12T21:07:33","slug":"partenaires","status":"publish","type":"page","link":"https:\/\/palmybulles.fr\/index.php\/partenaires\/","title":{"rendered":"Partenaires"},"content":{"rendered":"\n<p>Le club s&rsquo;appuie sur de multiples partenaires pour son fonctionnement.<\/p>\n\n\n\n<ul class=\"wp-block-list\">\n<li>La <strong>F<\/strong>\u00e9d\u00e9ration&nbsp;<strong>F<\/strong>ran\u00e7aise d\u2019<strong>E<\/strong>tudes et de&nbsp;<strong>S<\/strong>ports&nbsp;<strong>S<\/strong>ous-<strong>M<\/strong>arins, FFESSM Aura et le Codep38<\/li>\n<\/ul>\n\n\n\n<div class=\"wp-block-columns is-layout-flex wp-container-core-columns-is-layout-28f84493 wp-block-columns-is-layout-flex\">\n<div class=\"wp-block-column is-layout-flow wp-block-column-is-layout-flow\">\n<figure class=\"wp-block-image aligncenter size-full is-resized\"><a href=\"https:\/\/ffessm.fr\/\" target=\"_blank\" rel=\"noreferrer noopener\"><img loading=\"lazy\" decoding=\"async\" width=\"378\" height=\"398\" src=\"https:\/\/palmybulles.fr\/wp-content\/uploads\/2023\/10\/FFESSM.jpg\" alt=\"\" class=\"wp-image-1541\" style=\"aspect-ratio:1;width:165px;height:auto\" srcset=\"https:\/\/palmybulles.fr\/wp-content\/uploads\/2023\/10\/FFESSM.jpg 378w, https:\/\/palmybulles.fr\/wp-content\/uploads\/2023\/10\/FFESSM-285x300.jpg 285w\" sizes=\"auto, (max-width: 378px) 100vw, 378px\" \/><\/a><\/figure>\n\n\n\n<p><\/p>\n<\/div>\n\n\n\n<div class=\"wp-block-column is-layout-flow wp-block-column-is-layout-flow\">\n<figure class=\"wp-block-image aligncenter size-full\"><a href=\"https:\/\/ffessmaura.fr\/\" target=\"_blank\" rel=\"noreferrer noopener\"><img loading=\"lazy\" decoding=\"async\" width=\"533\" height=\"300\" src=\"https:\/\/palmybulles.fr\/wp-content\/uploads\/2023\/10\/FFESSM-AURA-Logo-edited.jpg\" alt=\"\" class=\"wp-image-1554\" srcset=\"https:\/\/palmybulles.fr\/wp-content\/uploads\/2023\/10\/FFESSM-AURA-Logo-edited.jpg 533w, https:\/\/palmybulles.fr\/wp-content\/uploads\/2023\/10\/FFESSM-AURA-Logo-edited-300x169.jpg 300w\" sizes=\"auto, (max-width: 533px) 100vw, 533px\" \/><\/a><\/figure>\n<\/div>\n\n\n\n<div class=\"wp-block-column is-layout-flow wp-block-column-is-layout-flow\">\n<figure class=\"wp-block-image aligncenter size-full\"><a href=\"https:\/\/ffessm-isere.fr\/\" target=\"_blank\" rel=\"noreferrer noopener\"><img loading=\"lazy\" decoding=\"async\" width=\"533\" height=\"300\" src=\"https:\/\/palmybulles.fr\/wp-content\/uploads\/2023\/10\/FFESSM-38-Logo-edited.jpg\" alt=\"\" class=\"wp-image-1555\" srcset=\"https:\/\/palmybulles.fr\/wp-content\/uploads\/2023\/10\/FFESSM-38-Logo-edited.jpg 533w, https:\/\/palmybulles.fr\/wp-content\/uploads\/2023\/10\/FFESSM-38-Logo-edited-300x169.jpg 300w\" sizes=\"auto, (max-width: 533px) 100vw, 533px\" \/><\/a><\/figure>\n<\/div>\n<\/div>\n\n\n\n<ul class=\"wp-block-list\">\n<li>La mairie de Seyssinet-Pariset qui met \u00e0 disposition de Palmybulles des cr\u00e9neaux piscine pour la formation des Jeunes.<\/li>\n<\/ul>\n\n\n\n<figure class=\"wp-block-image size-full\"><img loading=\"lazy\" decoding=\"async\" width=\"200\" height=\"200\" src=\"https:\/\/palmybulles.fr\/wp-content\/uploads\/2026\/01\/LOGO-SP.jpg\" alt=\"\" class=\"wp-image-2767\" srcset=\"https:\/\/palmybulles.fr\/wp-content\/uploads\/2026\/01\/LOGO-SP.jpg 200w, https:\/\/palmybulles.fr\/wp-content\/uploads\/2026\/01\/LOGO-SP-150x150.jpg 150w\" sizes=\"auto, (max-width: 200px) 100vw, 200px\" \/><\/figure>\n\n\n\n<ul class=\"wp-block-list\">\n<li>Les aides aux inscriptions sportives des jeunes participent \u00e0 r\u00e9duire les co\u00fbts d&rsquo;adh\u00e9sion pour pratiquer la plong\u00e9e.<\/li>\n<\/ul>\n\n\n\n<div class=\"wp-block-columns is-layout-flex wp-container-core-columns-is-layout-28f84493 wp-block-columns-is-layout-flex\">\n<div class=\"wp-block-column is-layout-flow wp-block-column-is-layout-flow\">\n<figure class=\"wp-block-image aligncenter size-full is-resized\"><a href=\"https:\/\/www.isere.fr\/carte-tattoo\" target=\"_blank\" rel=\"noreferrer noopener\"><img loading=\"lazy\" decoding=\"async\" width=\"895\" height=\"416\" src=\"https:\/\/palmybulles.fr\/wp-content\/uploads\/2022\/07\/Tatoo.jpg\" alt=\"\" class=\"wp-image-1103\" style=\"aspect-ratio:1.7777777777777777;object-fit:cover;width:288px;height:auto\" srcset=\"https:\/\/palmybulles.fr\/wp-content\/uploads\/2022\/07\/Tatoo.jpg 895w, https:\/\/palmybulles.fr\/wp-content\/uploads\/2022\/07\/Tatoo-300x139.jpg 300w, https:\/\/palmybulles.fr\/wp-content\/uploads\/2022\/07\/Tatoo-768x357.jpg 768w\" sizes=\"auto, (max-width: 895px) 100vw, 895px\" \/><\/a><\/figure>\n<\/div>\n\n\n\n<div class=\"wp-block-column is-layout-flow wp-block-column-is-layout-flow\">\n<figure class=\"wp-block-image alignright size-full is-resized\"><a href=\"https:\/\/www.auvergnerhonealpes.fr\/passregion\" target=\"_blank\" rel=\"noreferrer noopener\"><img loading=\"lazy\" decoding=\"async\" width=\"475\" height=\"336\" src=\"https:\/\/palmybulles.fr\/wp-content\/uploads\/2022\/07\/Pass.jpg\" alt=\"\" class=\"wp-image-1102\" style=\"aspect-ratio:1.4136904761904763;width:289px;height:auto\" srcset=\"https:\/\/palmybulles.fr\/wp-content\/uploads\/2022\/07\/Pass.jpg 475w, https:\/\/palmybulles.fr\/wp-content\/uploads\/2022\/07\/Pass-300x212.jpg 300w\" sizes=\"auto, (max-width: 475px) 100vw, 475px\" \/><\/a><\/figure>\n<\/div>\n\n\n\n<div class=\"wp-block-column is-layout-flow wp-block-column-is-layout-flow\">\n<figure class=\"wp-block-image aligncenter size-full is-resized\"><a href=\"https:\/\/www.pass.sports.gouv.fr\/\" target=\"_blank\" rel=\"noreferrer noopener\"><img loading=\"lazy\" decoding=\"async\" width=\"733\" height=\"498\" src=\"https:\/\/palmybulles.fr\/wp-content\/uploads\/2023\/10\/PassSport.jpg\" alt=\"\" class=\"wp-image-1550\" style=\"aspect-ratio:1.4718875502008033;width:274px;height:auto\" srcset=\"https:\/\/palmybulles.fr\/wp-content\/uploads\/2023\/10\/PassSport.jpg 733w, https:\/\/palmybulles.fr\/wp-content\/uploads\/2023\/10\/PassSport-300x204.jpg 300w\" sizes=\"auto, (max-width: 733px) 100vw, 733px\" \/><\/a><\/figure>\n<\/div>\n<\/div>\n\n\n\n<ul class=\"wp-block-list\">\n<li>Les organismes de subventions (ANS, FDVA&#8230;) nous soutiennent financi\u00e8rement dans nos projets ou notre fonctionnement.<\/li>\n<\/ul>\n\n\n\n<div class=\"wp-block-columns is-layout-flex wp-container-core-columns-is-layout-28f84493 wp-block-columns-is-layout-flex\">\n<div class=\"wp-block-column is-layout-flow wp-block-column-is-layout-flow\">\n<figure class=\"wp-block-image size-full\"><a href=\"https:\/\/www.agencedusport.fr\/\" target=\"_blank\" rel=\" noreferrer noopener\"><img loading=\"lazy\" decoding=\"async\" width=\"350\" height=\"165\" src=\"https:\/\/palmybulles.fr\/wp-content\/uploads\/2024\/09\/ANS.jpg\" alt=\"\" class=\"wp-image-2347\" srcset=\"https:\/\/palmybulles.fr\/wp-content\/uploads\/2024\/09\/ANS.jpg 350w, https:\/\/palmybulles.fr\/wp-content\/uploads\/2024\/09\/ANS-300x141.jpg 300w\" sizes=\"auto, (max-width: 350px) 100vw, 350px\" \/><\/a><\/figure>\n<\/div>\n\n\n\n<div class=\"wp-block-column is-layout-flow wp-block-column-is-layout-flow\">\n<figure class=\"wp-block-image size-full\"><a href=\"https:\/\/www.associations.gouv.fr\/FDVA.html\" target=\"_blank\" rel=\" noreferrer noopener\"><img loading=\"lazy\" decoding=\"async\" width=\"340\" height=\"230\" src=\"https:\/\/palmybulles.fr\/wp-content\/uploads\/2024\/09\/FDVA.jpg\" alt=\"\" class=\"wp-image-2348\" srcset=\"https:\/\/palmybulles.fr\/wp-content\/uploads\/2024\/09\/FDVA.jpg 340w, https:\/\/palmybulles.fr\/wp-content\/uploads\/2024\/09\/FDVA-300x203.jpg 300w\" sizes=\"auto, (max-width: 340px) 100vw, 340px\" \/><\/a><\/figure>\n<\/div>\n<\/div>\n\n\n\n<p><\/p>\n","protected":false},"excerpt":{"rendered":"<p>Le club s&rsquo;appuie sur de multiples partenaires pour son fonctionnement.<\/p>\n","protected":false},"author":1,"featured_media":0,"parent":0,"menu_order":0,"comment_status":"closed","ping_status":"closed","template":"","meta":{"footnotes":""},"class_list":["post-1539","page","type-page","status-publish","hentry"],"_links":{"self":[{"href":"https:\/\/palmybulles.fr\/index.php\/wp-json\/wp\/v2\/pages\/1539","targetHints":{"allow":["GET"]}}],"collection":[{"href":"https:\/\/palmybulles.fr\/index.php\/wp-json\/wp\/v2\/pages"}],"about":[{"href":"https:\/\/palmybulles.fr\/index.php\/wp-json\/wp\/v2\/types\/page"}],"author":[{"embeddable":true,"href":"https:\/\/palmybulles.fr\/index.php\/wp-json\/wp\/v2\/users\/1"}],"replies":[{"embeddable":true,"href":"https:\/\/palmybulles.fr\/index.php\/wp-json\/wp\/v2\/comments?post=1539"}],"version-history":[{"count":23,"href":"https:\/\/palmybulles.fr\/index.php\/wp-json\/wp\/v2\/pages\/1539\/revisions"}],"predecessor-version":[{"id":2879,"href":"https:\/\/palmybulles.fr\/index.php\/wp-json\/wp\/v2\/pages\/1539\/revisions\/2879"}],"wp:attachment":[{"href":"https:\/\/palmybulles.fr\/index.php\/wp-json\/wp\/v2\/media?parent=1539"}],"curies":[{"name":"wp","href":"https:\/\/api.w.org\/{rel}","templated":true}]}}