{"id":1521,"date":"2023-10-28T20:50:37","date_gmt":"2023-10-28T18:50:37","guid":{"rendered":"https:\/\/palmybulles.fr\/?page_id=1521"},"modified":"2026-04-12T23:46:54","modified_gmt":"2026-04-12T21:46:54","slug":"materiel","status":"publish","type":"page","link":"https:\/\/palmybulles.fr\/index.php\/materiel\/","title":{"rendered":"Mat\u00e9riel"},"content":{"rendered":"\n<p>Le club dispose de son propre mat\u00e9riel de plong\u00e9e, contr\u00f4l\u00e9 et r\u00e9vis\u00e9 r\u00e9guli\u00e8rement, et s&rsquo;assure de respecter les r\u00e8gles d&rsquo;hygi\u00e8ne et de s\u00e9curit\u00e9. Un local, tout proche du bassin, permet de stocker ce mat\u00e9riel sans trop de manipulation.<\/p>\n\n\n\n<div class=\"wp-block-group is-content-justification-left is-layout-constrained wp-container-core-group-is-layout-4edc8780 wp-block-group-is-layout-constrained\">\n<p>Nous mettons \u00e0 disposition de chaque jeune des \u00e9quipements, identifi\u00e9s \u00e0 leur pr\u00e9nom et adapt\u00e9s \u00e0 leur morphologie :<\/p>\n\n\n\n<ul class=\"wp-block-list\">\n<li>des bouteilles de plong\u00e9e de volume r\u00e9duit 6L et 10L, plus facile \u00e0 porter,<\/li>\n\n\n\n<li>des gilets stabilisateur de taille XXXS \u00e0 taille M,<\/li>\n\n\n\n<li>des d\u00e9tendeurs avec des embouts de petite taille.<\/li>\n<\/ul>\n<\/div>\n\n\n\n<p>Des jeux \u00e9ducatifs sont \u00e9galement utilis\u00e9s pour un apprentissage ludique de la plong\u00e9e.<\/p>\n\n\n\n<p>Lorsque nous devons regonfler les bouteilles, nous avons acc\u00e8s au compresseur de nos amis du club Deltaquatique au Pont-de-Claix. Nous effectuons chaque ann\u00e9e une Inspection Visuelle approfondie et, tous les 6 ans, une r\u00e9\u00e9preuve dans un centre agr\u00e9\u00e9 de toutes les bouteilles g\u00e9r\u00e9es par le club.<\/p>\n\n\n\n<p>Chaque plongeur doit apporter le mat\u00e9riel personnel suivant pour les entrainements :<\/p>\n\n\n\n<div class=\"wp-block-group is-content-justification-left is-layout-constrained wp-container-core-group-is-layout-c64551f5 wp-block-group-is-layout-constrained\">\n<ul class=\"wp-block-list\">\n<li>des palmes de plong\u00e9e,<\/li>\n\n\n\n<li>un masque,<\/li>\n\n\n\n<li>un tuba,<\/li>\n\n\n\n<li>un bonnet de bain (obligatoire par le r\u00e8glement int\u00e9rieur de la piscine),<\/li>\n\n\n\n<li>un shorty, conseill\u00e9 pour \u00e9viter d&rsquo;avoir froid.<\/li>\n<\/ul>\n<\/div>\n\n\n\n<p>Le club Palmybulles remet, \u00e0 chaque nouvel inscrit, un carnet de plong\u00e9e pour valider les comp\u00e9tences de chaque niveau et noter les plong\u00e9es effectu\u00e9es. C&rsquo;est un moyen de conserver une trace et consigner ses plus beaux souvenirs de plong\u00e9es .<\/p>\n\n\n\n<p><\/p>\n","protected":false},"excerpt":{"rendered":"<p>Le club dispose de son propre mat\u00e9riel de plong\u00e9e, contr\u00f4l\u00e9 et r\u00e9vis\u00e9 r\u00e9guli\u00e8rement, et s&rsquo;assure de respecter les r\u00e8gles d&rsquo;hygi\u00e8ne et de s\u00e9curit\u00e9. Un local, tout proche du bassin, permet de stocker ce mat\u00e9riel sans trop de manipulation. Nous mettons \u00e0 disposition de chaque jeune des \u00e9quipements, identifi\u00e9s \u00e0 leur pr\u00e9nom et adapt\u00e9s \u00e0 leur [&hellip;]<\/p>\n","protected":false},"author":1,"featured_media":0,"parent":0,"menu_order":0,"comment_status":"closed","ping_status":"closed","template":"","meta":{"footnotes":""},"class_list":["post-1521","page","type-page","status-publish","hentry"],"_links":{"self":[{"href":"https:\/\/palmybulles.fr\/index.php\/wp-json\/wp\/v2\/pages\/1521","targetHints":{"allow":["GET"]}}],"collection":[{"href":"https:\/\/palmybulles.fr\/index.php\/wp-json\/wp\/v2\/pages"}],"about":[{"href":"https:\/\/palmybulles.fr\/index.php\/wp-json\/wp\/v2\/types\/page"}],"author":[{"embeddable":true,"href":"https:\/\/palmybulles.fr\/index.php\/wp-json\/wp\/v2\/users\/1"}],"replies":[{"embeddable":true,"href":"https:\/\/palmybulles.fr\/index.php\/wp-json\/wp\/v2\/comments?post=1521"}],"version-history":[{"count":22,"href":"https:\/\/palmybulles.fr\/index.php\/wp-json\/wp\/v2\/pages\/1521\/revisions"}],"predecessor-version":[{"id":2889,"href":"https:\/\/palmybulles.fr\/index.php\/wp-json\/wp\/v2\/pages\/1521\/revisions\/2889"}],"wp:attachment":[{"href":"https:\/\/palmybulles.fr\/index.php\/wp-json\/wp\/v2\/media?parent=1521"}],"curies":[{"name":"wp","href":"https:\/\/api.w.org\/{rel}","templated":true}]}}