{"id":1510,"date":"2023-10-28T18:55:19","date_gmt":"2023-10-28T16:55:19","guid":{"rendered":"https:\/\/palmybulles.fr\/?page_id=1510"},"modified":"2026-04-12T23:50:58","modified_gmt":"2026-04-12T21:50:58","slug":"localisation","status":"publish","type":"page","link":"https:\/\/palmybulles.fr\/index.php\/localisation\/","title":{"rendered":"Localisation"},"content":{"rendered":"\n<p>Les entrainements des jeunes ont lieu \u00e0 la piscine municipale de Seyssinet-Pariset tous les mercredis de mi-septembre \u00e0 fin juin, sauf pendant les vacances scolaires. Nous disposons de 2 lignes d&rsquo;eau du bassin de 25m, mises \u00e0 disposition par la municipalit\u00e9. De mi-juin \u00e0 mi-juillet, nous rejoignons la piscine ext\u00e9rieure d&rsquo;Eybens, o\u00f9 nous proposons des bapt\u00eames de plong\u00e9e.<\/p>\n\n\n\n<p>Pour les cours th\u00e9oriques dispens\u00e9s aux plongeurs niveaux 1 et 2, les activit\u00e9s d\u00e9couverte (Biologie, fresque oc\u00e9ane&#8230;), les moments de convivialit\u00e9 parents-enfants-b\u00e9n\u00e9voles, les r\u00e9unions du comit\u00e9 Palmybulles, nous avons acc\u00e8s \u00e0 une salle situ\u00e9e dans la Maison Sport Animation, juste \u00e0 c\u00f4t\u00e9 de la piscine de Seyssinet-Pariset.<br><br><iframe loading=\"lazy\" style=\"border: 0px currentColor;\" src=\"https:\/\/www.google.com\/maps\/embed?pb=!1m14!1m8!1m3!1d5625.081608713177!2d5.6919475!3d45.1761478!3m2!1i1024!2i768!4f13.1!3m3!1m2!1s0x0000000000000000%3A0xb70b4ebb23c15ebb!2sPiscine+Municipale!5e0!3m2!1sfr!2sfr!4v1438851692477\" width=\"100%\" height=\"450\" frameborder=\"0\" allowfullscreen=\"allowfullscreen\"><\/iframe><\/p>\n","protected":false},"excerpt":{"rendered":"<p>Les entrainements des jeunes ont lieu \u00e0 la piscine municipale de Seyssinet-Pariset tous les mercredis de mi-septembre \u00e0 fin juin, sauf pendant les vacances scolaires. Nous disposons de 2 lignes d&rsquo;eau du bassin de 25m, mises \u00e0 disposition par la municipalit\u00e9. De mi-juin \u00e0 mi-juillet, nous rejoignons la piscine ext\u00e9rieure d&rsquo;Eybens, o\u00f9 nous proposons des [&hellip;]<\/p>\n","protected":false},"author":1,"featured_media":0,"parent":0,"menu_order":0,"comment_status":"closed","ping_status":"closed","template":"","meta":{"footnotes":""},"class_list":["post-1510","page","type-page","status-publish","hentry"],"_links":{"self":[{"href":"https:\/\/palmybulles.fr\/index.php\/wp-json\/wp\/v2\/pages\/1510","targetHints":{"allow":["GET"]}}],"collection":[{"href":"https:\/\/palmybulles.fr\/index.php\/wp-json\/wp\/v2\/pages"}],"about":[{"href":"https:\/\/palmybulles.fr\/index.php\/wp-json\/wp\/v2\/types\/page"}],"author":[{"embeddable":true,"href":"https:\/\/palmybulles.fr\/index.php\/wp-json\/wp\/v2\/users\/1"}],"replies":[{"embeddable":true,"href":"https:\/\/palmybulles.fr\/index.php\/wp-json\/wp\/v2\/comments?post=1510"}],"version-history":[{"count":12,"href":"https:\/\/palmybulles.fr\/index.php\/wp-json\/wp\/v2\/pages\/1510\/revisions"}],"predecessor-version":[{"id":2890,"href":"https:\/\/palmybulles.fr\/index.php\/wp-json\/wp\/v2\/pages\/1510\/revisions\/2890"}],"wp:attachment":[{"href":"https:\/\/palmybulles.fr\/index.php\/wp-json\/wp\/v2\/media?parent=1510"}],"curies":[{"name":"wp","href":"https:\/\/api.w.org\/{rel}","templated":true}]}}